{"id":36245,"date":"2026-04-10T07:02:34","date_gmt":"2026-04-10T07:02:34","guid":{"rendered":"https:\/\/gzw.ch\/?page_id=36245"},"modified":"2026-04-10T11:37:50","modified_gmt":"2026-04-10T11:37:50","slug":"mm_20260410","status":"publish","type":"page","link":"https:\/\/gzw.ch\/de\/mm_20260410\/","title":{"rendered":"MM_20260410"},"content":{"rendered":"<div class=\"wpb-content-wrapper\"><p>[vc_row full_width=&#8221;stretch_row&#8221; enable_first_overlay=&#8221;true&#8221; first_overlay_opacity=&#8221;100&#8243; first_background_color=&#8221;#555555&#8243; enable_parallax=&#8221;true&#8221; css=&#8221;.vc_custom_1511655817644{margin-top: -60px !important;}&#8221;][vc_column]\n\t\t\t<!-- START GZW_01_Video_1500 REVOLUTION SLIDER 6.6.20 --><p class=\"rs-p-wp-fix\"><\/p>\n\t\t\t<rs-module-wrap id=\"rev_slider_40_1_wrapper\" data-source=\"gallery\" style=\"visibility:hidden;background:transparent;padding:0;margin:0px auto;margin-top:0;margin-bottom:0;\">\n\t\t\t\t<rs-module id=\"rev_slider_40_1\" style=\"\" data-version=\"6.6.20\">\n\t\t\t\t\t<rs-slides style=\"overflow: hidden; position: absolute;\">\n\t\t\t\t\t\t<rs-slide style=\"position: absolute;\" data-key=\"rs-287\" data-title=\"EllbogenSchulter_Golf_Video_01\" data-in=\"o:0;\" data-out=\"a:false;\">\n\t\t\t\t\t\t\t<img decoding=\"async\" src=\"\/\/gzw.ch\/wp-content\/plugins\/revslider\/public\/assets\/assets\/dummy.png\" alt=\"\" title=\"gzw_HP-Slider-Golf01-03_ohneAudio_1500_287.jpeg\" width=\"1280\" height=\"720\" class=\"rev-slidebg tp-rs-img rs-lazyload\" data-lazyload=\"\/\/gzw.ch\/wp-content\/uploads\/revslider\/video-media\/gzw_HP-Slider-Golf01-03_ohneAudio_1500_287.jpeg\" data-no-retina>\n\t\t\t\t\t\t\t<rs-bgvideo \n\t\t\t\t\t\t\t\tdata-video=\"w:100%;h:100%;l:false;ptimer:false;vfc:true;\"\n\t\t\t\t\t\t\t\tdata-mp4=\"\/\/gzw.ch\/wp-content\/uploads\/2026\/01\/gzw_HP-Slider-Golf01-03_ohneAudio_1500.mp4\"\n\t\t\t\t\t\t\t><\/rs-bgvideo>\n<!---->\t\t\t\t\t\t<\/rs-slide>\n\t\t\t\t\t\t<rs-slide style=\"position: absolute;\" data-key=\"rs-286\" data-title=\"EllbogenSchulter_DehnenSport01_Video_01\" data-in=\"o:0;\" data-out=\"a:false;\">\n\t\t\t\t\t\t\t<img decoding=\"async\" src=\"\/\/gzw.ch\/wp-content\/plugins\/revslider\/public\/assets\/assets\/dummy.png\" alt=\"\" title=\"gzw_HP-Slider-Dehnen01-03_ohneAudio_1500_286.jpeg\" width=\"1280\" height=\"720\" class=\"rev-slidebg tp-rs-img rs-lazyload\" data-lazyload=\"\/\/gzw.ch\/wp-content\/uploads\/revslider\/video-media\/gzw_HP-Slider-Dehnen01-03_ohneAudio_1500_286.jpeg\" data-no-retina>\n\t\t\t\t\t\t\t<rs-bgvideo \n\t\t\t\t\t\t\t\tdata-video=\"w:100%;h:100%;l:false;ptimer:false;vfc:true;\"\n\t\t\t\t\t\t\t\tdata-mp4=\"\/\/gzw.ch\/wp-content\/uploads\/2026\/01\/gzw_HP-Slider-Dehnen01-03_ohneAudio_1500.mp4\"\n\t\t\t\t\t\t\t><\/rs-bgvideo>\n<!---->\t\t\t\t\t\t<\/rs-slide>\n\t\t\t\t\t\t<rs-slide style=\"position: absolute;\" data-key=\"rs-285\" data-title=\"EllbogenSchulter_DehnenSport02_Video_01\" data-in=\"o:0;\" data-out=\"a:false;\">\n\t\t\t\t\t\t\t<img decoding=\"async\" src=\"\/\/gzw.ch\/wp-content\/plugins\/revslider\/public\/assets\/assets\/dummy.png\" alt=\"\" title=\"gzw_HP-Slider-Dehnen02-04_ohneAudio_1500_285.jpeg\" width=\"1280\" height=\"720\" class=\"rev-slidebg tp-rs-img rs-lazyload\" data-lazyload=\"\/\/gzw.ch\/wp-content\/uploads\/revslider\/video-media\/gzw_HP-Slider-Dehnen02-04_ohneAudio_1500_285.jpeg\" data-no-retina>\n\t\t\t\t\t\t\t<rs-bgvideo \n\t\t\t\t\t\t\t\tdata-video=\"w:100%;h:100%;l:false;ptimer:false;vfc:true;\"\n\t\t\t\t\t\t\t\tdata-mp4=\"\/\/gzw.ch\/wp-content\/uploads\/2026\/01\/gzw_HP-Slider-Dehnen02-04_ohneAudio_1500.mp4\"\n\t\t\t\t\t\t\t><\/rs-bgvideo>\n<!---->\t\t\t\t\t\t<\/rs-slide>\n\t\t\t\t\t\t<rs-slide style=\"position: absolute;\" data-key=\"rs-284\" data-title=\"EllbogenSchulter_Krafttraining_01\" data-in=\"o:0;\" data-out=\"a:false;\">\n\t\t\t\t\t\t\t<img decoding=\"async\" src=\"\/\/gzw.ch\/wp-content\/plugins\/revslider\/public\/assets\/assets\/dummy.png\" alt=\"\" title=\"gzw_HP-Slider-Hantel01-03_ohneAudio_1500_284.jpeg\" width=\"1280\" height=\"720\" class=\"rev-slidebg tp-rs-img rs-lazyload\" data-lazyload=\"\/\/gzw.ch\/wp-content\/uploads\/revslider\/video-media\/gzw_HP-Slider-Hantel01-03_ohneAudio_1500_284.jpeg\" data-no-retina>\n\t\t\t\t\t\t\t<rs-bgvideo \n\t\t\t\t\t\t\t\tdata-video=\"w:100%;h:100%;l:false;ptimer:false;vfc:true;\"\n\t\t\t\t\t\t\t\tdata-mp4=\"\/\/gzw.ch\/wp-content\/uploads\/2026\/01\/gzw_HP-Slider-Hantel01-03_ohneAudio_1500.mp4\"\n\t\t\t\t\t\t\t><\/rs-bgvideo>\n<!---->\t\t\t\t\t\t<\/rs-slide>\n\t\t\t\t\t\t<rs-slide style=\"position: absolute;\" data-key=\"rs-283\" data-title=\"EllbogenSchulter_Rudern_Video_01\" data-in=\"o:0;\" data-out=\"a:false;\">\n\t\t\t\t\t\t\t<img decoding=\"async\" src=\"\/\/gzw.ch\/wp-content\/plugins\/revslider\/public\/assets\/assets\/dummy.png\" alt=\"\" title=\"gzw_HP-Slider-Rudern01-04_ohneAudio_1500_283.jpeg\" width=\"1280\" height=\"720\" class=\"rev-slidebg tp-rs-img rs-lazyload\" data-lazyload=\"\/\/gzw.ch\/wp-content\/uploads\/revslider\/video-media\/gzw_HP-Slider-Rudern01-04_ohneAudio_1500_283.jpeg\" data-no-retina>\n\t\t\t\t\t\t\t<rs-bgvideo \n\t\t\t\t\t\t\t\tdata-video=\"w:100%;h:100%;l:false;ptimer:false;vfc:true;\"\n\t\t\t\t\t\t\t\tdata-mp4=\"\/\/gzw.ch\/wp-content\/uploads\/2026\/01\/gzw_HP-Slider-Rudern01-04_ohneAudio_1500.mp4\"\n\t\t\t\t\t\t\t><\/rs-bgvideo>\n<!---->\t\t\t\t\t\t<\/rs-slide>\n\t\t\t\t\t\t<rs-slide style=\"position: absolute;\" data-key=\"rs-282\" data-title=\"EllbogenSchulter_Tennisl_Video_01\" data-in=\"o:0;\" data-out=\"a:false;\">\n\t\t\t\t\t\t\t<img decoding=\"async\" src=\"\/\/gzw.ch\/wp-content\/plugins\/revslider\/public\/assets\/assets\/dummy.png\" alt=\"\" title=\"gzw_HP-Slider-Tennis01-03_ohneAudio_1500_282.jpeg\" width=\"1280\" height=\"720\" class=\"rev-slidebg tp-rs-img rs-lazyload\" data-lazyload=\"\/\/gzw.ch\/wp-content\/uploads\/revslider\/video-media\/gzw_HP-Slider-Tennis01-03_ohneAudio_1500_282.jpeg\" data-no-retina>\n\t\t\t\t\t\t\t<rs-bgvideo \n\t\t\t\t\t\t\t\tdata-video=\"w:100%;h:100%;l:false;ptimer:false;vfc:true;\"\n\t\t\t\t\t\t\t\tdata-mp4=\"\/\/gzw.ch\/wp-content\/uploads\/2026\/01\/gzw_HP-Slider-Tennis01-03_ohneAudio_1500.mp4\"\n\t\t\t\t\t\t\t><\/rs-bgvideo>\n<!---->\t\t\t\t\t\t<\/rs-slide>\n\t\t\t\t\t\t<rs-slide style=\"position: absolute;\" data-key=\"rs-281\" data-title=\"KnieHuefte_Waschmaschine01_Video_01\" data-in=\"o:0;\" data-out=\"a:false;\">\n\t\t\t\t\t\t\t<img decoding=\"async\" src=\"\/\/gzw.ch\/wp-content\/plugins\/revslider\/public\/assets\/assets\/dummy.png\" alt=\"\" title=\"gzw_HP-Slider-Waschmaschine01-03_ohne-Audio_1500_281.jpeg\" width=\"1280\" height=\"720\" class=\"rev-slidebg tp-rs-img rs-lazyload\" data-lazyload=\"\/\/gzw.ch\/wp-content\/uploads\/revslider\/video-media\/gzw_HP-Slider-Waschmaschine01-03_ohne-Audio_1500_281.jpeg\" data-no-retina>\n\t\t\t\t\t\t\t<rs-bgvideo \n\t\t\t\t\t\t\t\tdata-video=\"w:100%;h:100%;l:false;ptimer:false;vfc:true;\"\n\t\t\t\t\t\t\t\tdata-mp4=\"\/\/gzw.ch\/wp-content\/uploads\/2026\/01\/gzw_HP-Slider-Waschmaschine01-03_ohne-Audio_1500.mp4\"\n\t\t\t\t\t\t\t><\/rs-bgvideo>\n<!---->\t\t\t\t\t\t<\/rs-slide>\n\t\t\t\t\t\t<rs-slide style=\"position: absolute;\" data-key=\"rs-280\" data-title=\"Schulter_Buero_Video_01\" data-in=\"o:0;\" data-out=\"a:false;\">\n\t\t\t\t\t\t\t<img decoding=\"async\" src=\"\/\/gzw.ch\/wp-content\/plugins\/revslider\/public\/assets\/assets\/dummy.png\" alt=\"\" title=\"gzw_HP-Slider-DehnenBuero-08_ohneAudio_1500_280.jpeg\" width=\"1280\" height=\"720\" class=\"rev-slidebg tp-rs-img rs-lazyload\" data-lazyload=\"\/\/gzw.ch\/wp-content\/uploads\/revslider\/video-media\/gzw_HP-Slider-DehnenBuero-08_ohneAudio_1500_280.jpeg\" data-no-retina>\n\t\t\t\t\t\t\t<rs-bgvideo \n\t\t\t\t\t\t\t\tdata-video=\"w:100%;h:100%;l:false;ptimer:false;vfc:true;\"\n\t\t\t\t\t\t\t\tdata-mp4=\"\/\/gzw.ch\/wp-content\/uploads\/2026\/01\/gzw_HP-Slider-DehnenBuero-08_ohneAudio_1500.mp4\"\n\t\t\t\t\t\t\t><\/rs-bgvideo>\n<!---->\t\t\t\t\t\t<\/rs-slide>\n\t\t\t\t\t\t<rs-slide style=\"position: absolute;\" data-key=\"rs-275\" data-title=\"HuefteKnie_Velo_Video_01\" data-in=\"o:0;\" data-out=\"a:false;\">\n\t\t\t\t\t\t\t<img decoding=\"async\" src=\"\/\/gzw.ch\/wp-content\/plugins\/revslider\/public\/assets\/assets\/dummy.png\" alt=\"\" title=\"gzw_HP-Slider-Fahrrad-07_ohneAudio_1500_275.jpeg\" width=\"1280\" height=\"720\" class=\"rev-slidebg tp-rs-img rs-lazyload\" data-lazyload=\"\/\/gzw.ch\/wp-content\/uploads\/revslider\/video-media\/gzw_HP-Slider-Fahrrad-07_ohneAudio_1500_275.jpeg\" data-no-retina>\n\t\t\t\t\t\t\t<rs-bgvideo \n\t\t\t\t\t\t\t\tdata-video=\"w:100%;h:100%;l:false;ptimer:false;vfc:true;\"\n\t\t\t\t\t\t\t\tdata-mp4=\"\/\/gzw.ch\/wp-content\/uploads\/2026\/01\/gzw_HP-Slider-Fahrrad-07_ohneAudio_1500.mp4\"\n\t\t\t\t\t\t\t><\/rs-bgvideo>\n<!---->\t\t\t\t\t\t<\/rs-slide>\n\t\t\t\t\t\t<rs-slide style=\"position: absolute;\" data-key=\"rs-279\" data-title=\"KnieHuefte_Fussball01_Video_01\" data-in=\"o:0;\" data-out=\"a:false;\">\n\t\t\t\t\t\t\t<img decoding=\"async\" src=\"\/\/gzw.ch\/wp-content\/plugins\/revslider\/public\/assets\/assets\/dummy.png\" alt=\"\" title=\"gzw_HP-Slider-Fussball01-08_ohneAudio_1500_279.jpeg\" width=\"1280\" height=\"720\" class=\"rev-slidebg tp-rs-img rs-lazyload\" data-lazyload=\"\/\/gzw.ch\/wp-content\/uploads\/revslider\/video-media\/gzw_HP-Slider-Fussball01-08_ohneAudio_1500_279.jpeg\" data-no-retina>\n\t\t\t\t\t\t\t<rs-bgvideo \n\t\t\t\t\t\t\t\tdata-video=\"w:100%;h:100%;l:false;ptimer:false;vfc:true;\"\n\t\t\t\t\t\t\t\tdata-mp4=\"\/\/gzw.ch\/wp-content\/uploads\/2026\/01\/gzw_HP-Slider-Fussball01-08_ohneAudio_1500.mp4\"\n\t\t\t\t\t\t\t><\/rs-bgvideo>\n<!---->\t\t\t\t\t\t<\/rs-slide>\n\t\t\t\t\t\t<rs-slide style=\"position: absolute;\" data-key=\"rs-278\" data-title=\"Knie_Treppe2_Video_01\" data-in=\"o:0;\" data-out=\"a:false;\">\n\t\t\t\t\t\t\t<img decoding=\"async\" src=\"\/\/gzw.ch\/wp-content\/plugins\/revslider\/public\/assets\/assets\/dummy.png\" alt=\"\" title=\"gzw_HP-Slider-Treppe02-05_ohneAudio_1500_278.jpeg\" width=\"1280\" height=\"720\" class=\"rev-slidebg tp-rs-img rs-lazyload\" data-lazyload=\"\/\/gzw.ch\/wp-content\/uploads\/revslider\/video-media\/gzw_HP-Slider-Treppe02-05_ohneAudio_1500_278.jpeg\" data-no-retina>\n\t\t\t\t\t\t\t<rs-bgvideo \n\t\t\t\t\t\t\t\tdata-video=\"w:100%;h:100%;l:false;ptimer:false;vfc:true;\"\n\t\t\t\t\t\t\t\tdata-mp4=\"\/\/gzw.ch\/wp-content\/uploads\/2026\/01\/gzw_HP-Slider-Treppe02-05_ohneAudio_1500.mp4\"\n\t\t\t\t\t\t\t><\/rs-bgvideo>\n<!---->\t\t\t\t\t\t<\/rs-slide>\n\t\t\t\t\t\t<rs-slide style=\"position: absolute;\" data-key=\"rs-276\" data-title=\"Knie_Treppe_Video_01\" data-in=\"o:0;\" data-out=\"a:false;\">\n\t\t\t\t\t\t\t<img decoding=\"async\" src=\"\/\/gzw.ch\/wp-content\/plugins\/revslider\/public\/assets\/assets\/dummy.png\" alt=\"\" title=\"gzw_HP-Slider-Treppe01_06_ohneAudio_1500_276.jpeg\" width=\"1280\" height=\"720\" class=\"rev-slidebg tp-rs-img rs-lazyload\" data-lazyload=\"\/\/gzw.ch\/wp-content\/uploads\/revslider\/video-media\/gzw_HP-Slider-Treppe01_06_ohneAudio_1500_276.jpeg\" data-no-retina>\n\t\t\t\t\t\t\t<rs-bgvideo \n\t\t\t\t\t\t\t\tdata-video=\"w:100%;h:100%;l:false;ptimer:false;vfc:true;\"\n\t\t\t\t\t\t\t\tdata-mp4=\"\/\/gzw.ch\/wp-content\/uploads\/2026\/01\/gzw_HP-Slider-Ski01_07_ohneAudio_1500.mp4\"\n\t\t\t\t\t\t\t><\/rs-bgvideo>\n<!---->\t\t\t\t\t\t<\/rs-slide>\n\t\t\t\t\t\t<rs-slide style=\"position: absolute;\" data-key=\"rs-277\" data-title=\"HuefteKnie_Ski1_Video_01\" data-in=\"o:0;\" data-out=\"a:false;\">\n\t\t\t\t\t\t\t<img decoding=\"async\" src=\"\/\/gzw.ch\/wp-content\/plugins\/revslider\/public\/assets\/assets\/dummy.png\" alt=\"\" title=\"gzw_HP-Slider-Ski01_07_ohneAudio_1500_277.jpeg\" width=\"1280\" height=\"720\" class=\"rev-slidebg tp-rs-img rs-lazyload\" data-lazyload=\"\/\/gzw.ch\/wp-content\/uploads\/revslider\/video-media\/gzw_HP-Slider-Ski01_07_ohneAudio_1500_277.jpeg\" data-no-retina>\n\t\t\t\t\t\t\t<rs-bgvideo \n\t\t\t\t\t\t\t\tdata-video=\"w:100%;h:100%;l:false;ptimer:false;vfc:true;\"\n\t\t\t\t\t\t\t\tdata-mp4=\"\/\/gzw.ch\/wp-content\/uploads\/2026\/01\/gzw_HP-Slider-Ski01_07_ohneAudio_1500.mp4\"\n\t\t\t\t\t\t\t><\/rs-bgvideo>\n<!---->\t\t\t\t\t\t<\/rs-slide>\n\t\t\t\t\t\t<rs-slide style=\"position: absolute;\" data-key=\"rs-274\" data-title=\"EllbogenSchulter_Tasche_Video_01\" data-in=\"o:0;\" data-out=\"a:false;\">\n\t\t\t\t\t\t\t<img decoding=\"async\" src=\"\/\/gzw.ch\/wp-content\/plugins\/revslider\/public\/assets\/assets\/dummy.png\" alt=\"\" title=\"gzw_HP-Slider-SchulterTasche-05_ohneAudio_1500_274.jpeg\" width=\"1280\" height=\"720\" class=\"rev-slidebg tp-rs-img rs-lazyload\" data-lazyload=\"\/\/gzw.ch\/wp-content\/uploads\/revslider\/video-media\/gzw_HP-Slider-SchulterTasche-05_ohneAudio_1500_274.jpeg\" data-no-retina>\n\t\t\t\t\t\t\t<rs-bgvideo \n\t\t\t\t\t\t\t\tdata-video=\"w:100%;h:100%;l:false;ptimer:false;vfc:true;\"\n\t\t\t\t\t\t\t\tdata-mp4=\"\/\/gzw.ch\/wp-content\/uploads\/2026\/01\/gzw_HP-Slider-SchulterTasche-05_ohneAudio_1500.mp4\"\n\t\t\t\t\t\t\t><\/rs-bgvideo>\n<!---->\t\t\t\t\t\t<\/rs-slide>\n\t\t\t\t\t<\/rs-slides>\n\t\t\t\t\t<rs-static-layers><!--\n\n\t\t\t\t\t\t\t--><a\n\t\t\t\t\t\t\t\tid=\"slider-40-slide-40-layer-4\" \n\t\t\t\t\t\t\t\tclass=\"rs-layer rev-btn rs-layer-static\"\n\t\t\t\t\t\t\t\thref=\"\/Praxis\" target=\"_self\"\n\t\t\t\t\t\t\t\tdata-type=\"button\"\n\t\t\t\t\t\t\t\tdata-color=\"#d6d6d6\"\n\t\t\t\t\t\t\t\tdata-rsp_ch=\"on\"\n\t\t\t\t\t\t\t\tdata-xy=\"x:r;xo:13px,10px,8px,6px;y:b;yo:62px,57px,43px,54px;\"\n\t\t\t\t\t\t\t\tdata-text=\"w:normal;s:16,17,16,17;l:35,37,28,32;fw:500;a:center;\"\n\t\t\t\t\t\t\t\tdata-dim=\"w:214px,225px,205px,217px;minh:0,none,none,none;\"\n\t\t\t\t\t\t\t\tdata-basealign=\"slide\"\n\t\t\t\t\t\t\t\tdata-onslides=\"s:1;\"\n\t\t\t\t\t\t\t\tdata-padding=\"r:22,24,18,21;l:22,24,18,21;\"\n\t\t\t\t\t\t\t\tdata-frame_1=\"st:1060;sR:1060;\"\n\t\t\t\t\t\t\t\tdata-frame_999=\"o:0;st:5000;sR:3640;\"\n\t\t\t\t\t\t\t\tdata-frame_hover=\"c:#00356a;bgc:rgba(0,53,106,0.2);bor:0px,0px,0px,0px;\"\n\t\t\t\t\t\t\t\tstyle=\"z-index:9;background-color:rgba(0,32,107,0.54);font-family:'Montserrat';\"\n\t\t\t\t\t\t\t>Kontakt\/Anmeldung \n\t\t\t\t\t\t\t<\/a><!--\n\n\t\t\t\t\t\t\t--><a\n\t\t\t\t\t\t\t\tid=\"slider-40-slide-40-layer-5\" \n\t\t\t\t\t\t\t\tclass=\"rs-layer rev-btn rs-layer-static\"\n\t\t\t\t\t\t\t\thref=\"\/praxis\" target=\"_self\"\n\t\t\t\t\t\t\t\tdata-type=\"button\"\n\t\t\t\t\t\t\t\tdata-color=\"#d6d6d6\"\n\t\t\t\t\t\t\t\tdata-rsp_ch=\"on\"\n\t\t\t\t\t\t\t\tdata-xy=\"x:r;xo:13px,10px,8px,6px;y:b;yo:19px,15px,11px,16px;\"\n\t\t\t\t\t\t\t\tdata-text=\"w:normal;s:16,17,16,17;l:35,36,27,30;fw:500;a:center;\"\n\t\t\t\t\t\t\t\tdata-dim=\"w:214px,225px,205px,217px;minh:0,none,none,none;\"\n\t\t\t\t\t\t\t\tdata-basealign=\"slide\"\n\t\t\t\t\t\t\t\tdata-onslides=\"s:1;\"\n\t\t\t\t\t\t\t\tdata-padding=\"r:22,23,17,19;l:22,23,17,19;\"\n\t\t\t\t\t\t\t\tdata-frame_1=\"st:1380;sR:1380;\"\n\t\t\t\t\t\t\t\tdata-frame_999=\"o:0;st:5000;sR:3320;\"\n\t\t\t\t\t\t\t\tdata-frame_hover=\"c:#00356a;bgc:rgba(0,53,106,0.2);bor:0px,0px,0px,0px;\"\n\t\t\t\t\t\t\t\tstyle=\"z-index:8;background-color:rgba(0,32,107,0.54);font-family:'Montserrat';\"\n\t\t\t\t\t\t\t>Notfall \n\t\t\t\t\t\t\t<\/a><!--\n\t\t\t\t\t--><\/rs-static-layers>\n\t\t\t\t<\/rs-module>\n\t\t\t\t<script>\n\t\t\t\t\tsetREVStartSize({c: 'rev_slider_40_1',rl:[1240,1024,778,480],el:[400,300,300,300],gw:[1240,1024,778,480],gh:[400,300,300,300],type:'standard',justify:'',layout:'fullwidth',mh:\"0\"});if (window.RS_MODULES!==undefined && window.RS_MODULES.modules!==undefined && window.RS_MODULES.modules[\"revslider401\"]!==undefined) {window.RS_MODULES.modules[\"revslider401\"].once = false;window.revapi40 = undefined;if (window.RS_MODULES.checkMinimal!==undefined) window.RS_MODULES.checkMinimal()}\n\t\t\t\t<\/script>\n\t\t\t<\/rs-module-wrap>\n\t\t\t<!-- END REVOLUTION SLIDER -->\n[\/vc_column][\/vc_row][vc_row][vc_column][vc_empty_space height=&#8221;50px&#8221;][vc_column_text el_class=&#8221;gzw_headlines_01&#8243;]<\/p>\n<h1>Medienmitteilung<\/h1>\n<p>[\/vc_column_text][\/vc_column][\/vc_row][vc_row][vc_column][vc_column_text]<\/p>\n<h6>10.04.2026<\/h6>\n<p>[\/vc_column_text][\/vc_column][\/vc_row][vc_row][vc_column][vc_separator color=&#8221;custom&#8221; accent_color=&#8221;#00356a&#8221;][\/vc_column][\/vc_row][vc_row][vc_column][vc_empty_space height=&#8221;10&#8243;][\/vc_column][\/vc_row][vc_row][vc_column][vc_column_text]<\/p>\n<h4>Die Privatklinik Lindberg pr\u00fcft Weiterbetrieb,<br \/>\ndas Gelenkzentrum Winterthur bleibt!<\/h4>\n<p>[\/vc_column_text][vc_empty_space height=&#8221;20&#8243;][vc_column_text]<\/p>\n<h5>Die Privatklinik Lindberg pr\u00fcft verschiedene Zukunftsoptionen<\/h5>\n<p>[\/vc_column_text][vc_column_text]Wie das <span class=\"address\">Swiss Medical Network<\/span> (SMN) am 10.04.2026 mit einer Medienmitteilung informiert, wird die Verlagerung des station\u00e4ren Betriebs der Privatklinik Lindberg an andere Kliniken der Gruppe gepr\u00fcft.[\/vc_column_text][\/vc_column][\/vc_row][vc_row][vc_column][vc_empty_space height=&#8221;20&#8243;][vc_column_text]<\/p>\n<h5>Das Gelenkzentrum Winterthur bleibt am Lindberg<\/h5>\n<p>[\/vc_column_text][vc_column_text]Unabh\u00e4ngig der allf\u00e4lligen Entwicklungen der Privatklinik Lindberg bleibt die Praxis des Gelenkzentrums Winterthur in ihren angestammten R\u00e4umlichkeiten. Hier empfangen wir auch in Zukunft Patientinnen und Patienten in unserer Sprechstunde zu Konsultationen, Voruntersuchungen und zur Nachsorge.[\/vc_column_text][\/vc_column][\/vc_row][vc_row][vc_column][vc_empty_space height=&#8221;20&#8243;][vc_column_text]<\/p>\n<h5>Belegkliniken<\/h5>\n<p>[\/vc_column_text][vc_column_text]Die \u00c4rzte des Gelenkzentrums Winterthur operieren auch weiterhin an den Privatkliniken Lindberg in Winterthur und Belair in Schaffhausen.<\/p>\n<p>Wir verfolgen die Entwicklungen und begleiten die Standort\u00fcberpr\u00fcfung der SMN.<br \/>\nUnabh\u00e4ngig von deren Ausgang bleibt die Behandlung unserer Patientinnen und Patienten an Privatkliniken in der Region auch in Zukunft gew\u00e4hrleistet.[\/vc_column_text][\/vc_column][\/vc_row][vc_row][vc_column][vc_empty_space height=&#8221;20px&#8221;][\/vc_column][\/vc_row][vc_row][vc_column width=&#8221;3\/5&#8243;][vc_empty_space height=&#8221;20&#8243;][vc_column_text]<\/p>\n<h5>Haben Sie Fragen?<\/h5>\n<p>[\/vc_column_text][vc_column_text]Bitte wenden Sie sich bei allf\u00e4lligen Fragen oder Unsicherheiten an unser Sekretariat.<\/p>\n<p>Die Kontaktdaten finden Sie unten bzw. <a href=\"\/de\/praxis\/\">hier &#8230;<\/a>[\/vc_column_text][\/vc_column][vc_column width=&#8221;2\/5&#8243;][vc_single_image image=&#8221;36214&#8243; img_size=&#8221;full&#8221;][\/vc_column][\/vc_row][vc_row][vc_column][vc_separator color=&#8221;custom&#8221; accent_color=&#8221;#00356a&#8221;][\/vc_column][\/vc_row][vc_row][vc_column][vc_empty_space height=&#8221;20&#8243;][vc_column_text]<\/p>\n<h4>\u00dcber das Gelenkzentrum Winterthur<\/h4>\n<p>[\/vc_column_text][vc_column_text]Das Gelenkzentrum Winterthur wurde im August 2021 von drei erfahrenen orthop\u00e4dischen Chirurgen und Chef\u00e4rzten des KSW gegr\u00fcndet. Es entwickelte sich schnell zum neuen Kompetenzzentrum f\u00fcr orthop\u00e4dische Spitzenchirurgie in der Grossregion Z\u00fcrich.[\/vc_column_text][vc_column_text]<\/p>\n<h5>Konzentration auf vier Gelenke<\/h5>\n<p>Die drei Chirurgen des Gelenkzentrums Winterthur sind keine \u00abAllrounder\u00bb, sondern haben sich in ihrer medizinischen Laufbahn fr\u00fch auf eine spezifische Gelenkregion festgelegt und konzentriert. Patientinnen und Patienten mit Schulter-, Ellenbogen-, H\u00fcft-, Becken- und Knieproblemen finden hier \u00c4rzte, welche dank ihrer fr\u00fchen Spezialisierung<\/p>\n<ul>\n<li>s\u00e4mtliche Krankheitsbilder ihres jeweiligen Gelenks aus unz\u00e4hligen Behandlungen und Eingriffen in der ganzen Tiefe, ganzheitlich verstehen und somit<\/li>\n<li>ihr klar abgestecktes Fachgebiet mit professioneller Routine beherrschen,<\/li>\n<li>sich seit vielen Jahren daf\u00fcr engagieren und mithelfen, die modernsten Operationstechniken laufend weiterzuentwickeln und zu perfektionieren,<\/li>\n<li>\u00fcber eine jahrzehntelange Erfahrung in ihrem jeweiligen Fachgebiet verf\u00fcgen; zuletzt als Chef\u00e4rzte der jeweiligen Abteilung in den Kantonsspit\u00e4lern Winterthur und Frauenfeld<\/li>\n<\/ul>\n<p>[\/vc_column_text][vc_column_text]<\/p>\n<h5>Unsere Fachspezialisten<\/h5>\n<p>[\/vc_column_text][\/vc_column][\/vc_row][vc_row][vc_column width=&#8221;1\/3&#8243;]<div data-id=\"mpc_image-469e2331258a8f\" onclick=\"\" class=\"mpc-image mpc-init \" ><a href=\"\/team\/dr-med-florian-hess\/\" title=\"PD Dr. med. Florian Hess\"  class=\"mpc-item mpc-transition\"><img loading=\"lazy\" decoding=\"async\" width=\"800\" height=\"471\" src=\"https:\/\/gzw.ch\/wp-content\/uploads\/2024\/03\/Hess_Portrait_07K.jpg\" class=\"mpc-transition attachment-full\" alt=\"\" title=\"Hess_Portrait_07K\" srcset=\"https:\/\/gzw.ch\/wp-content\/uploads\/2024\/03\/Hess_Portrait_07K.jpg 800w, https:\/\/gzw.ch\/wp-content\/uploads\/2024\/03\/Hess_Portrait_07K-300x177.jpg 300w, https:\/\/gzw.ch\/wp-content\/uploads\/2024\/03\/Hess_Portrait_07K-768x452.jpg 768w, https:\/\/gzw.ch\/wp-content\/uploads\/2024\/03\/Hess_Portrait_07K-500x294.jpg 500w, https:\/\/gzw.ch\/wp-content\/uploads\/2024\/03\/Hess_Portrait_07K-600x353.jpg 600w\" sizes=\"auto, (max-width: 800px) 100vw, 800px\" \/><\/a><\/div>[vc_empty_space height=&#8221;20&#8243;][vc_column_text]<\/p>\n<h5>PD Dr. med. Florian Hess<\/h5>\n<p>[\/vc_column_text][vc_column_text]Facharzt Orthop\u00e4die und Traumatologie des Bewegungsapparates und Facharzt Chirurgie, FMH<\/p>\n<p><strong>Spezialist f\u00fcr Schulter- und Ellbogenchirurgie <\/strong>(DVSE)<strong><br \/>\n<\/strong>[\/vc_column_text][vc_empty_space height=&#8221;20&#8243;][\/vc_column][vc_column width=&#8221;1\/3&#8243;]<div data-id=\"mpc_image-3569e233125963f\" onclick=\"\" class=\"mpc-image mpc-init \" ><a href=\"\/team\/dr-med-fabian-kalberer\/\" title=\"Dr. med. Fabian Kalberer\"  class=\"mpc-item mpc-transition\"><img loading=\"lazy\" decoding=\"async\" width=\"800\" height=\"471\" src=\"https:\/\/gzw.ch\/wp-content\/uploads\/2021\/05\/Kalberer_Portrait_05K.jpg\" class=\"mpc-transition attachment-full\" alt=\"\" title=\"Kalberer_Portrait_05K\" srcset=\"https:\/\/gzw.ch\/wp-content\/uploads\/2021\/05\/Kalberer_Portrait_05K.jpg 800w, https:\/\/gzw.ch\/wp-content\/uploads\/2021\/05\/Kalberer_Portrait_05K-300x177.jpg 300w, https:\/\/gzw.ch\/wp-content\/uploads\/2021\/05\/Kalberer_Portrait_05K-768x452.jpg 768w, https:\/\/gzw.ch\/wp-content\/uploads\/2021\/05\/Kalberer_Portrait_05K-500x294.jpg 500w, https:\/\/gzw.ch\/wp-content\/uploads\/2021\/05\/Kalberer_Portrait_05K-600x353.jpg 600w\" sizes=\"auto, (max-width: 800px) 100vw, 800px\" \/><\/a><\/div>[vc_empty_space height=&#8221;20&#8243;][vc_column_text]<\/p>\n<h5>Dr. med. Fabian Kalberer<\/h5>\n<p>[\/vc_column_text][vc_column_text]Facharzt Orthop\u00e4die und Traumatologie des Bewegungsapparates, FMH<\/p>\n<p><strong>Spezialist f\u00fcr H\u00fcft- und Beckenchirurgie<\/strong>[\/vc_column_text][vc_empty_space height=&#8221;20&#8243;][\/vc_column][vc_column width=&#8221;1\/3&#8243;]<div data-id=\"mpc_image-169e233125a048\" onclick=\"\" class=\"mpc-image mpc-init \" ><a href=\"\/team\/pd-dr-med-peter-koch\/\" title=\"PD Dr. med. Peter Koch\"  class=\"mpc-item mpc-transition\"><img loading=\"lazy\" decoding=\"async\" width=\"800\" height=\"471\" src=\"https:\/\/gzw.ch\/wp-content\/uploads\/2021\/05\/Koch_Portrait_02K.jpg\" class=\"mpc-transition attachment-full\" alt=\"\" title=\"Koch_Portrait_02K\" srcset=\"https:\/\/gzw.ch\/wp-content\/uploads\/2021\/05\/Koch_Portrait_02K.jpg 800w, https:\/\/gzw.ch\/wp-content\/uploads\/2021\/05\/Koch_Portrait_02K-300x177.jpg 300w, https:\/\/gzw.ch\/wp-content\/uploads\/2021\/05\/Koch_Portrait_02K-768x452.jpg 768w, https:\/\/gzw.ch\/wp-content\/uploads\/2021\/05\/Koch_Portrait_02K-500x294.jpg 500w, https:\/\/gzw.ch\/wp-content\/uploads\/2021\/05\/Koch_Portrait_02K-600x353.jpg 600w\" sizes=\"auto, (max-width: 800px) 100vw, 800px\" \/><\/a><\/div>[vc_empty_space height=&#8221;20&#8243;][vc_column_text]<\/p>\n<h5>PD Dr. med. Peter Koch<\/h5>\n<p>[\/vc_column_text][vc_column_text]Facharzt Orthop\u00e4die und Traumatologie des Bewegungsapparates, FMH<\/p>\n<p><strong>Spezialist f\u00fcr Kniechirurgie<\/strong>[\/vc_column_text][\/vc_column][\/vc_row][vc_row][vc_column][vc_empty_space height=&#8221;20px&#8221;][\/vc_column][\/vc_row]<\/p>\n<\/div>","protected":false},"excerpt":{"rendered":"<p>[vc_row full_width=&#8221;stretch_row&#8221; enable_first_overlay=&#8221;true&#8221; first_overlay_opacity=&#8221;100&#8243; first_background_color=&#8221;#555555&#8243; enable_parallax=&#8221;true&#8221; css=&#8221;.vc_custom_1511655817644{margin-top: -60px !important;}&#8221;][vc_column][\/vc_column][\/vc_row][vc_row][vc_column][vc_empty_space height=&#8221;50px&#8221;][vc_column_text el_class=&#8221;gzw_headlines_01&#8243;] Medienmitteilung [\/vc_column_text][\/vc_column][\/vc_row][vc_row][vc_column][vc_column_text] 10.04.2026 [\/vc_column_text][\/vc_column][\/vc_row][vc_row][vc_column][vc_separator color=&#8221;custom&#8221; accent_color=&#8221;#00356a&#8221;][\/vc_column][\/vc_row][vc_row][vc_column][vc_empty_space height=&#8221;10&#8243;][\/vc_column][\/vc_row][vc_row][vc_column][vc_column_text] Die Privatklinik Lindberg pr\u00fcft Weiterbetrieb, das Gelenkzentrum Winterthur bleibt! [\/vc_column_text][vc_empty_space height=&#8221;20&#8243;][vc_column_text] Die Privatklinik Lindberg pr\u00fcft verschiedene Zukunftsoptionen [\/vc_column_text][vc_column_text]Wie das Swiss Medical Network (SMN) am 10.04.2026 mit einer Medienmitteilung informiert, wird die Verlagerung des station\u00e4ren Betriebs der Privatklinik<\/p>\n","protected":false},"author":1,"featured_media":0,"parent":0,"menu_order":0,"comment_status":"closed","ping_status":"closed","template":"","meta":{"footnotes":""},"class_list":["post-36245","page","type-page","status-publish","hentry"],"_links":{"self":[{"href":"https:\/\/gzw.ch\/de\/wp-json\/wp\/v2\/pages\/36245","targetHints":{"allow":["GET"]}}],"collection":[{"href":"https:\/\/gzw.ch\/de\/wp-json\/wp\/v2\/pages"}],"about":[{"href":"https:\/\/gzw.ch\/de\/wp-json\/wp\/v2\/types\/page"}],"author":[{"embeddable":true,"href":"https:\/\/gzw.ch\/de\/wp-json\/wp\/v2\/users\/1"}],"replies":[{"embeddable":true,"href":"https:\/\/gzw.ch\/de\/wp-json\/wp\/v2\/comments?post=36245"}],"version-history":[{"count":18,"href":"https:\/\/gzw.ch\/de\/wp-json\/wp\/v2\/pages\/36245\/revisions"}],"predecessor-version":[{"id":36266,"href":"https:\/\/gzw.ch\/de\/wp-json\/wp\/v2\/pages\/36245\/revisions\/36266"}],"wp:attachment":[{"href":"https:\/\/gzw.ch\/de\/wp-json\/wp\/v2\/media?parent=36245"}],"curies":[{"name":"wp","href":"https:\/\/api.w.org\/{rel}","templated":true}]}}